{"id":958,"date":"2022-12-31T18:53:00","date_gmt":"2022-12-31T18:53:00","guid":{"rendered":"https:\/\/mtnhomeofdigitalisation.online\/?page_id=958"},"modified":"2023-04-03T10:05:04","modified_gmt":"2023-04-03T10:05:04","slug":"about","status":"publish","type":"page","link":"https:\/\/mtn-digitalhub.com\/fr\/about\/","title":{"rendered":"\u00c0 propos"},"content":{"rendered":"<div class=\"single-banner-section\">\n    \n            <div id=\"banner-block_a1850e7d76ac3aa51898751a0ff748f8\" class=\"banner\">\n                <div class=\"banner-section alignedBottom textLight dark-overlay\" style=\"background:url(https:\/\/mtn-digitalhub.com\/wp-content\/uploads\/2022\/10\/MTN_SOHO_599687930-scaled.jpg);background-size: cover;background-position:center center;\">\n                    <div class =\"banner-heading-section\">    \n                        <div class=\"banner-section-container\">\n                                                                             <h1 class=\"mtn-heading yello-heading\"><p>En savoir plus sur <strong>MTN HUB<\/strong><\/p>\n<\/h1>\n                                                                        \n                \n            \n                        <\/div>\n                      \n                    <\/div>\n                <\/div>\n                <div class=\"banner-divider\">\n                \n                <\/div>\n            <\/div>\n    \n            <\/div>\n\n\n<div id=\"section-heading-block_90f642f6d07cc901e9d6a5a0f3d7a43a\" class=\"section-heading has-text-align-left\">\n<div class=\"mtn-section\">\n<h3 class=\"mtn-heading section-heading\">Notre But<\/h3>\n<\/div>\n<\/div>\n\n\n<div id=\"section-paragraph-block_0ad9b035b14ddeb410c6b9fbb0871678\" class=\"section-paragraph has-text-align-left\">\n<div class=\"mtn-body-text mtn-section paragraph\"><\/div>\n<\/div>\n\n\n<div id=\"section-paragraph-block_9b50f1117fc091e5b3dd646a4624dd6d\" class=\"section-paragraph has-text-align-left\">\n<div class=\"mtn-body-text mtn-section paragraph\"><p style=\"text-align: left\"><span style=\"font-weight: 400\">Conform\u00e9ment \u00e0 la vision de MTNC d'offrir un monde num\u00e9rique audacieux \u00e0 l'ensemble de son \u00e9cosyst\u00e8me, l'un des principaux moteurs est d'\u00eatre l'acteur principal de l'\u00e9cosyst\u00e8me num\u00e9rique camerounais. Par cons\u00e9quent, comme toujours, MTN est pleinement impliqu\u00e9 dans la transformation num\u00e9rique des entreprises locales et soutient les id\u00e9es commerciales permettant de perturber les flux des entreprises de t\u00e9l\u00e9communications. Gr\u00e2ce \u00e0 cela, le MTN Home of digitalization est le guichet unique pour offrir la meilleure exp\u00e9rience de digitalisation \u00e0 toutes les entreprises locales.<\/span><\/p>\n<p style=\"text-align: left\"><span style=\"font-weight: 400\">Home of Digitalization est la plate-forme de MTN EBU pour permettre aux entreprises locales de suivre la tendance num\u00e9rique \u00e0 travers les sph\u00e8res qui l'entourent, notamment l'espace Hub, l'auditorium, le conseil, la salle d'exposition\/boutique, l'exposition communautaire. <\/span><\/p>\n<p>&nbsp;<\/p>\n<\/div>\n<\/div>\n\n<div id=\"section-heading-block_aa708ea667ab3ac51b5241acd79feec1\" class=\"section-heading has-text-align-left\">\n<div class=\"mtn-section\">\n<h3 class=\"mtn-heading section-heading\">Notre Programme<\/h3>\n<\/div>\n<\/div>\n\n\n<div id=\"section-paragraph-block_f7c4d14194021e2a9a96ec5601344592\" class=\"section-paragraph has-text-align-left\">\n<div class=\"mtn-body-text mtn-section paragraph\"><p style=\"text-align: left\"><span style=\"font-weight: 400\">MTN Home of Digitalization a pour objectif de soutenir les startups innovantes, en aidant les fondateurs \u00e0 transformer de grandes id\u00e9es en entreprises prosp\u00e8res en offrant une formation et des ressources pour permettre cela. La maison de la num\u00e9risation est une exp\u00e9rience physique et en ligne pour les entreprises locales.\u00a0<\/span><\/p>\n<p style=\"text-align: left\"><span style=\"font-weight: 400\">Connectez-vous avec des experts en produits, d'autres fondateurs et des investisseurs potentiels via MTN Home of Digitalization. Nos espaces de coworking, de conf\u00e9rences et d'\u00e9v\u00e9nements (num\u00e9riques et physiques) sont le lieu o\u00f9 naissent les prochaines grandes id\u00e9es. Venez rejoindre notre \u00e9quipe d'innovation.<\/span><\/p>\n<p style=\"text-align: left\"><span style=\"font-weight: 400\">MTN Home of Digitalization est un lieu pour chaque startup prometteuse. Nous aimons l'\u00e9nergie, les gens et la spontan\u00e9it\u00e9 de rencontrer d'autres entrepreneurs. <\/span><\/p>\n<p>&nbsp;<\/p>\n<\/div>\n<\/div>\n\n<div id=\"section-heading-block_4c98af22eeb335e61b1286ea6bf3de56\" class=\"section-heading has-text-align-left\">\n<div class=\"mtn-section\">\n<h3 class=\"mtn-heading section-heading\">Pourquoi rejoindre le programme\u00a0?<\/h3>\n<\/div>\n<\/div>\n\n<div id=\"icon_with_text-block_00b008d9ecd222ba608f716067ced7ae\" class=\"icon-with-text\">\n    <div class=\"icon-card-section\">\n                <div class=\"icon-card-grid displayCarousel\">\n                        <div class=\"icon-card\">\n                <div class=\"card-img-section\">\n                    <img decoding=\"async\" src=\"https:\/\/mtn-digitalhub.com\/wp-content\/uploads\/2023\/01\/download__7_-removebg-preview.png\" alt=\"Showcase Products\">\n                <\/div>\n                <div class=\"icon-card-content\">\n                <p class=\"icon-card-label mtn-heading\">Pr\u00e9senter des produits<\/p>\n                <p class=\"mtn-body-text\">Pr\u00e9sentez vos produits \u00e0 nos plus de 10 millions de clients.<\/p>\n                <\/div>\n            \n            <\/div>\n                        <div class=\"icon-card\">\n                <div class=\"card-img-section\">\n                    <img decoding=\"async\" src=\"https:\/\/mtn-digitalhub.com\/wp-content\/uploads\/2023\/01\/download__8_-removebg-preview.png\" alt=\"Connect Entrepreneurs\">\n                <\/div>\n                <div class=\"icon-card-content\">\n                <p class=\"icon-card-label mtn-heading\">Connecter les entrepreneurs<\/p>\n                <p class=\"mtn-body-text\">Connecter les entrepreneurs aux personnes qui am\u00e9lioreront leur entreprise <\/p>\n                <\/div>\n            \n            <\/div>\n                        <div class=\"icon-card\">\n                <div class=\"card-img-section\">\n                    <img decoding=\"async\" src=\"https:\/\/mtn-digitalhub.com\/wp-content\/uploads\/2023\/01\/download__9_-removebg-preview.png\" alt=\"Create Digital Impact\">\n                <\/div>\n                <div class=\"icon-card-content\">\n                <p class=\"icon-card-label mtn-heading\">Cr\u00e9er un impact num\u00e9rique<\/p>\n                <p class=\"mtn-body-text\">Nous exposons tous nos produits et services num\u00e9riques pour votre entreprise<\/p>\n                <\/div>\n            \n            <\/div>\n                        <div class=\"icon-card\">\n                <div class=\"card-img-section\">\n                    <img decoding=\"async\" src=\"https:\/\/mtn-digitalhub.com\/wp-content\/uploads\/2023\/01\/download__10_-removebg-preview-1.png\" alt=\"Ensure Digital Transformation\">\n                <\/div>\n                <div class=\"icon-card-content\">\n                <p class=\"icon-card-label mtn-heading\">Assurer la transformation num\u00e9rique<\/p>\n                <p class=\"mtn-body-text\">Nous fournissons des outils pour permettre la transformation de votre entreprise<\/p>\n                <\/div>\n            \n            <\/div>\n                    <\/div>\n            <\/div>\n<\/div>\n\n<div id=\"section-heading-block_4103ced4cc61955313f16cc0323337d8\" class=\"section-heading has-text-align-left\">\n<div class=\"mtn-section\">\n<h3 class=\"mtn-heading section-heading\">Nos Piliers<\/h3>\n<\/div>\n<\/div>\n\n<div id=\"icon_cards-block_5583de9ee520166238d2ab066928170e\" class=\"icon-cards\">\n    <div class=\"icon-cards-section\">\n                <div class=\"icon-card-carousel\">\n            \n            <a href=\"\" class=\"single-icon-card\">\n                <div class=\"single-icon-card-image\">\n                                        <img decoding=\"async\" src=\"https:\/\/mtn-digitalhub.com\/wp-content\/uploads\/2023\/01\/investment-icon-a-plant-on-stack-of-coin-free-vector-removebg-preview.png\" alt=\"Connect Startups to Investors\">\n                                    <\/div>\n                                <div class=\"single-icon-card-title\">\n                    <h4 class=\"mtn-card-heading\">Connect Startups to Investors<\/h4>\n                <\/div>\n                                                <div class=\"single-icon-card-copy\">\n                    <p class=\"mtn-body-text\">We have partnered with local investment bodies and banks to ensure a proper investment pool for Cameroonian startups we work with. <\/p>\n                <\/div>\n                                <div class=\"single-icon-card-features\">\n                    <ol>\n<li>Possibilit\u00e9 de lever des fonds aupr\u00e8s d'investisseurs locaux<\/li>\n<li>Positionner votre startup sur la carte<\/li>\n<li>Visibilit\u00e9 totale pour les investisseurs nationaux et internationaux<\/li>\n<\/ol>\n                <\/div>\n                                \n            <\/a>\n\n            \n            <a href=\"\" class=\"single-icon-card\">\n                <div class=\"single-icon-card-image\">\n                                        <img decoding=\"async\" src=\"https:\/\/mtn-digitalhub.com\/wp-content\/uploads\/2023\/01\/download__11_-removebg-preview-1.png\" alt=\"Our  Enriching Programs \">\n                                    <\/div>\n                                <div class=\"single-icon-card-title\">\n                    <h4 class=\"mtn-card-heading\">Our  Enriching Programs <\/h4>\n                <\/div>\n                                                <div class=\"single-icon-card-copy\">\n                    <p class=\"mtn-body-text\">We provide  e-meetings, networking sessions to businesses to enable busines growth, use of digital tools while ensuring cost-effectiveness<\/p>\n                <\/div>\n                                <div class=\"single-icon-card-features\">\n                    <ol>\n<li>S\u00e9ances de techniques commerciales<\/li>\n<li>S\u00e9ances sur la transformation num\u00e9rique<\/li>\n<li>S\u00e9ances de r\u00e9seautage<\/li>\n<\/ol>\n                <\/div>\n                                \n            <\/a>\n\n            \n            <a href=\"\" class=\"single-icon-card\">\n                <div class=\"single-icon-card-image\">\n                                        <img decoding=\"async\" src=\"https:\/\/mtn-digitalhub.com\/wp-content\/uploads\/2023\/01\/69986-removebg-preview.png\" alt=\"Showcasing your products\">\n                                    <\/div>\n                                <div class=\"single-icon-card-title\">\n                    <h4 class=\"mtn-card-heading\">Showcasing your products<\/h4>\n                <\/div>\n                                                <div class=\"single-icon-card-copy\">\n                    <p class=\"mtn-body-text\">We bring together local vendors and sell their verified products on our digital hub.  Startups have full exposure to our  customer base. <\/p>\n                <\/div>\n                                <div class=\"single-icon-card-features\">\n                    <ol>\n<li>Les entrepreneurs se joignent en tant que vendeurs<\/li>\n<li>Les entrepreneurs t\u00e9l\u00e9chargent des produits<\/li>\n<li>Les clients ach\u00e8tent des produits<\/li>\n<\/ol>\n                <\/div>\n                                \n            <\/a>\n\n                    <\/div>\n        \n        <div class=\"icon-cards-cta\">\n                                    <button class=\"mtn-button\">\n                <a href=\"https:\/\/signup.mtn-digitalhub.com\">Join the Hub Now<\/a>\n            <\/button>\n            \n        <\/div>\n    <\/div>\n\n<\/div>\n\n<div id=\"carousel-block_20e832199d614d32ff7ec31bcf9b9b8d\" class=\"carousel\">\n    <div class=\"carousel-section textLight carousel-short\"\n        style=\"background:url(https:\/\/mtn-digitalhub.com\/wp-content\/uploads\/2022\/12\/MTN_Mass_97807666-scaled-1.jpg);background-size:cover;background-position:center top;\">\n        <div class=\"carousel-heading-section\">\n            <h2 class=\"mtn-heading\">MTN Digital Hub<\/h2>\n        <\/div>\n                        <div class=\"long-info-slider\">\n                                <div class=\"mtn-carousel-card\">\n                                        <p class=\"mtn-carousel-card-title\">Boutique MTN<\/p>\n                                            <p class=\"mtn-carousel-card-category\">Acheter des produits et services aupr\u00e8s de l'unit\u00e9 commerciale MTN et des entreprises locales<\/p>\n                                                        <\/div>\n                                <div class=\"mtn-carousel-card\">\n                                        <p class=\"mtn-carousel-card-title\">Conseil MTN <\/p>\n                                            <p class=\"mtn-carousel-card-category\">Obtenez des conseils d'experts dans des domaines qui feront cro\u00eetre votre entreprise<\/p>\n                                                        <\/div>\n                                <div class=\"mtn-carousel-card\">\n                                        <p class=\"mtn-carousel-card-title\">Hub &amp; Communaut\u00e9<\/p>\n                                            <p class=\"mtn-carousel-card-category\">R\u00e9seautez et interagissez avec les propri\u00e9taires d'entreprise pour d\u00e9velopper l'\u00e9conomie num\u00e9rique<\/p>\n                                                        <\/div>\n                                <div class=\"mtn-carousel-card\">\n                                        <p class=\"mtn-carousel-card-title\">Auditorium<\/p>\n                                            <p class=\"mtn-carousel-card-category\">Organisez vos r\u00e9unions, conf\u00e9rences, lancement de produit dans un environnement digital confortable<\/p>\n                                                        <\/div>\n                            <\/div>\n                   \n    <\/div>\n \n<\/div>","protected":false},"excerpt":{"rendered":"","protected":false},"author":1,"featured_media":0,"parent":0,"menu_order":0,"comment_status":"closed","ping_status":"closed","template":"","meta":[],"acf":[],"_links":{"self":[{"href":"https:\/\/mtn-digitalhub.com\/fr\/wp-json\/wp\/v2\/pages\/958"}],"collection":[{"href":"https:\/\/mtn-digitalhub.com\/fr\/wp-json\/wp\/v2\/pages"}],"about":[{"href":"https:\/\/mtn-digitalhub.com\/fr\/wp-json\/wp\/v2\/types\/page"}],"author":[{"embeddable":true,"href":"https:\/\/mtn-digitalhub.com\/fr\/wp-json\/wp\/v2\/users\/1"}],"replies":[{"embeddable":true,"href":"https:\/\/mtn-digitalhub.com\/fr\/wp-json\/wp\/v2\/comments?post=958"}],"version-history":[{"count":112,"href":"https:\/\/mtn-digitalhub.com\/fr\/wp-json\/wp\/v2\/pages\/958\/revisions"}],"predecessor-version":[{"id":1336,"href":"https:\/\/mtn-digitalhub.com\/fr\/wp-json\/wp\/v2\/pages\/958\/revisions\/1336"}],"wp:attachment":[{"href":"https:\/\/mtn-digitalhub.com\/fr\/wp-json\/wp\/v2\/media?parent=958"}],"curies":[{"name":"wp","href":"https:\/\/api.w.org\/{rel}","templated":true}]}}