{"id":1131,"date":"2023-01-09T09:52:33","date_gmt":"2023-01-09T09:52:33","guid":{"rendered":"https:\/\/mtnhomeofdigitalisation.online\/?page_id=1131"},"modified":"2023-04-04T12:10:33","modified_gmt":"2023-04-04T12:10:33","slug":"community-hub","status":"publish","type":"page","link":"https:\/\/mtn-digitalhub.com\/fr\/community-hub\/","title":{"rendered":"Community &#038; Hub"},"content":{"rendered":"<div class=\"single-banner-section\">\n    \n            <div id=\"banner-block_4b93a546205f51dc43dc0c1debb2f2b0\" class=\"banner\">\n                <div class=\"banner-section alignedBottom textLight dark-overlay\" style=\"background:url(https:\/\/mtn-digitalhub.com\/wp-content\/uploads\/2023\/01\/Artboard-5-1.jpg);background-size: cover;background-position:center center;\">\n                    <div class =\"banner-heading-section\">    \n                        <div class=\"banner-section-container\">\n                                                                             <h1 class=\"mtn-heading yello-heading\"><p>Connectez-vous avec des entrepreneurs autour de vous sur <strong> Digital Hub <\/strong><\/p>\n<\/h1>\n                                                                        \n                \n            \n                        <\/div>\n                      \n                    <\/div>\n                <\/div>\n                <div class=\"banner-divider\">\n                \n                <\/div>\n            <\/div>\n    \n            <\/div>\n\n\n<div id=\"icon_with_text-block_ba965d070d38ba30522c09e3bd7ea8b3\" class=\"icon-with-text\">\n    <div class=\"icon-card-section\">\n                <div class=\"icon-card-grid displayCarousel\">\n                        <div class=\"icon-card\">\n                <div class=\"card-img-section\">\n                    <img decoding=\"async\" src=\"https:\/\/mtn-digitalhub.com\/wp-content\/uploads\/2023\/01\/images-removebg-preview.png\" alt=\"Connecting Entrepreneurs\">\n                <\/div>\n                <div class=\"icon-card-content\">\n                <p class=\"icon-card-label mtn-heading\">Connecter les entrepreneurs<\/p>\n                <p class=\"mtn-body-text\">Connectez-vous avec des entrepreneurs autour de vous sur <\/p>\n                <\/div>\n            \n            <\/div>\n                        <div class=\"icon-card\">\n                <div class=\"card-img-section\">\n                    <img decoding=\"async\" src=\"https:\/\/mtn-digitalhub.com\/wp-content\/uploads\/2023\/01\/download__8_-removebg-preview.png\" alt=\"Idea Generation\">\n                <\/div>\n                <div class=\"icon-card-content\">\n                <p class=\"icon-card-label mtn-heading\">G\u00e9n\u00e9ration d'id\u00e9es<\/p>\n                <p class=\"mtn-body-text\">Des entrepreneurs partagent des id\u00e9es pour la croissance \u00e9conomique<\/p>\n                <\/div>\n            \n            <\/div>\n                        <div class=\"icon-card\">\n                <div class=\"card-img-section\">\n                    <img decoding=\"async\" src=\"https:\/\/mtn-digitalhub.com\/wp-content\/uploads\/2023\/01\/download__9_-removebg-preview.png\" alt=\"Collaboration\">\n                <\/div>\n                <div class=\"icon-card-content\">\n                <p class=\"icon-card-label mtn-heading\">Collaboration<\/p>\n                <p class=\"mtn-body-text\">Les entrepreneurs partagent leurs contacts pour une collaboration plus pouss\u00e9e<\/p>\n                <\/div>\n            \n            <\/div>\n                        <div class=\"icon-card\">\n                <div class=\"card-img-section\">\n                    <img decoding=\"async\" src=\"https:\/\/mtn-digitalhub.com\/wp-content\/uploads\/2023\/01\/download__10_-removebg-preview-1.png\" alt=\"Service Showcase\">\n                <\/div>\n                <div class=\"icon-card-content\">\n                <p class=\"icon-card-label mtn-heading\">Vitrine des services<\/p>\n                <p class=\"mtn-body-text\">Exposez les services des autres pour plus d'opportunit\u00e9s<\/p>\n                <\/div>\n            \n            <\/div>\n                    <\/div>\n            <\/div>\n<\/div>\n\n<div id=\"carousel-block_f03af4bf540bc43d42dddc7e00f9caf8\" class=\"carousel\">\n    <div class=\"carousel-section textLight carousel-short\"\n        style=\"background:url(https:\/\/mtn-digitalhub.com\/wp-content\/uploads\/2022\/11\/MTN_SOHO_472186391-scaled.jpg);background-size:cover;background-position:center top;\">\n        <div class=\"carousel-heading-section\">\n            <h2 class=\"mtn-heading\">Hub &amp; Communaut\u00e9<\/h2>\n        <\/div>\n                        <div class=\"long-info-slider\">\n                                <div class=\"mtn-carousel-card\">\n                                        <p class=\"mtn-carousel-card-title\">E-connect<\/p>\n                                            <p class=\"mtn-carousel-card-category\">Les PME se connectent avec d'autres via le module e-connect. Les fonctionnalit\u00e9s ici incluent\u00a0: connexion bas\u00e9e sur la recommandation, suggestions bas\u00e9es sur les int\u00e9r\u00eats, afficher les demandes en attente et bien d'autres<\/p>\n                                                        <\/div>\n                                <div class=\"mtn-carousel-card\">\n                                        <p class=\"mtn-carousel-card-title\">E-Discuss<\/p>\n                                            <p class=\"mtn-carousel-card-category\">La section E-Discuss est un espace o\u00f9 les PME et les utilisateurs partagent leurs informations. Il s'agit de la chronologie qui contient les \u00e9l\u00e9ments suivants : Nouvelles tendances dans le domaine d'int\u00e9r\u00eat, derniers produits PME .<\/p>\n                                                        <\/div>\n                                <div class=\"mtn-carousel-card\">\n                                        <p class=\"mtn-carousel-card-title\">E-work <\/p>\n                                            <p class=\"mtn-carousel-card-category\">Le travail \u00e9lectronique implique la gestion de projet tandis que Gr\u00e2ce au travail \u00e9lectronique, les PME doivent cr\u00e9er un bureau virtuel avec des membres d'\u00e9quipe, g\u00e9rer des projets, attribuer des t\u00e2ches, suivre les progr\u00e8s et fournir des rapports.  <\/p>\n                                                        <\/div>\n                                <div class=\"mtn-carousel-card\">\n                                        <p class=\"mtn-carousel-card-title\">E-Library<\/p>\n                                            <p class=\"mtn-carousel-card-category\">La biblioth\u00e8que \u00e9lectronique doit laisser de la place pour des ressources telles que des podcasts, des livres, des manuels, des mod\u00e8les. La biblioth\u00e8que \u00e9lectronique doit contenir des livres, des articles, des blogs inspirants pour les PME\u00a0; et seront cat\u00e9goris\u00e9s (fintech, edutech, etc.)<\/p>\n                                                        <\/div>\n                            <\/div>\n                   \n    <\/div>\n \n<\/div>\n\n\n\n\n<div class=\"wp-block-columns mtn-section has-black-color has-sunshine-yellow-background-color has-text-color has-background is-layout-flex wp-container-4\" style=\"border-radius:25px\">\n<div class=\"wp-block-column is-layout-flow\" style=\"flex-basis:66.66%\"><div id=\"section-intro-block_a530224f757a57c46b9e61835c69cc09\" class=\"section-intro aligncenter has-text-align-center\">\n<div class=\"mtn-body-text mtn-section intro\">Rejoignez notre <strong> Hub &amp; Communaut\u00e9 <\/strong> Maintenant<\/div>\n<\/div><\/div>\n\n\n\n<div class=\"wp-block-column is-layout-flow\" style=\"flex-basis:33.33%\">\n<div class=\"wp-block-buttons is-content-justification-center is-layout-flex wp-container-2\">\n<div class=\"wp-block-button has-custom-width wp-block-button__width-100 has-custom-font-size has-medium-font-size\"><a class=\"wp-block-button__link wp-element-button\" href=\"https:\/\/\/signup.mtn-digitalhub.com\" target=\"_blank\" rel=\"noreferrer noopener\">Rejoignez notre<\/a><\/div>\n<\/div>\n<\/div>\n<\/div>","protected":false},"excerpt":{"rendered":"","protected":false},"author":1,"featured_media":0,"parent":0,"menu_order":0,"comment_status":"closed","ping_status":"closed","template":"","meta":[],"acf":[],"_links":{"self":[{"href":"https:\/\/mtn-digitalhub.com\/fr\/wp-json\/wp\/v2\/pages\/1131"}],"collection":[{"href":"https:\/\/mtn-digitalhub.com\/fr\/wp-json\/wp\/v2\/pages"}],"about":[{"href":"https:\/\/mtn-digitalhub.com\/fr\/wp-json\/wp\/v2\/types\/page"}],"author":[{"embeddable":true,"href":"https:\/\/mtn-digitalhub.com\/fr\/wp-json\/wp\/v2\/users\/1"}],"replies":[{"embeddable":true,"href":"https:\/\/mtn-digitalhub.com\/fr\/wp-json\/wp\/v2\/comments?post=1131"}],"version-history":[{"count":23,"href":"https:\/\/mtn-digitalhub.com\/fr\/wp-json\/wp\/v2\/pages\/1131\/revisions"}],"predecessor-version":[{"id":1338,"href":"https:\/\/mtn-digitalhub.com\/fr\/wp-json\/wp\/v2\/pages\/1131\/revisions\/1338"}],"wp:attachment":[{"href":"https:\/\/mtn-digitalhub.com\/fr\/wp-json\/wp\/v2\/media?parent=1131"}],"curies":[{"name":"wp","href":"https:\/\/api.w.org\/{rel}","templated":true}]}}