{"id":1129,"date":"2023-01-09T09:52:07","date_gmt":"2023-01-09T09:52:07","guid":{"rendered":"https:\/\/mtnhomeofdigitalisation.online\/?page_id=1129"},"modified":"2025-04-10T18:58:53","modified_gmt":"2025-04-10T18:58:53","slug":"auditorium","status":"publish","type":"page","link":"https:\/\/mtn-digitalhub.com\/fr\/auditorium\/","title":{"rendered":"Auditorium"},"content":{"rendered":"<div class=\"single-banner-section\">\n    \n            <div id=\"banner-block_aa71c1261cad424c1f377387bacd24e2\" class=\"banner\">\n                <div class=\"banner-section alignedBottom textLight dark-overlay\" style=\"background:url(https:\/\/mtn-digitalhub.com\/wp-content\/uploads\/2022\/11\/MTN_SME_508790460-scaled.jpg);background-size: cover;background-position:center center;\">\n                    <div class =\"banner-heading-section\">    \n                        <div class=\"banner-section-container\">\n                                                                             <h1 class=\"mtn-heading yello-heading\"><p>Assistez aux R\u00e9unions dans notre MTN <strong> Digital Hub <\/strong><\/p>\n<\/h1>\n                                                                        \n                \n            \n                        <\/div>\n                      \n                    <\/div>\n                <\/div>\n                <div class=\"banner-divider\">\n                \n                <\/div>\n            <\/div>\n    \n            <\/div>\n\n\n<div id=\"icon_with_text-block_41036d636686eb175b6b1fff903128ee\" class=\"icon-with-text\">\n    <div class=\"icon-card-section\">\n                <div class=\"icon-card-grid displayCarousel\">\n                        <div class=\"icon-card\">\n                <div class=\"card-img-section\">\n                    <img decoding=\"async\" src=\"https:\/\/mtn-digitalhub.com\/wp-content\/uploads\/2023\/01\/download__7_-removebg-preview.png\" alt=\"Showcase Products\">\n                <\/div>\n                <div class=\"icon-card-content\">\n                <p class=\"icon-card-label mtn-heading\">Pr\u00e9senter des produits<\/p>\n                <p class=\"mtn-body-text\">Pr\u00e9sentez vos produits \u00e0 nos plus de 10 millions de clients.<\/p>\n                <\/div>\n            \n            <\/div>\n                        <div class=\"icon-card\">\n                <div class=\"card-img-section\">\n                    <img decoding=\"async\" src=\"https:\/\/mtn-digitalhub.com\/wp-content\/uploads\/2023\/01\/download__8_-removebg-preview.png\" alt=\"Connect Entrepreneurs\">\n                <\/div>\n                <div class=\"icon-card-content\">\n                <p class=\"icon-card-label mtn-heading\">Connecter les entrepreneurs<\/p>\n                <p class=\"mtn-body-text\">Connecter les entrepreneurs aux personnes qui am\u00e9lioreront leur entreprise <\/p>\n                <\/div>\n            \n            <\/div>\n                        <div class=\"icon-card\">\n                <div class=\"card-img-section\">\n                    <img decoding=\"async\" src=\"https:\/\/mtn-digitalhub.com\/wp-content\/uploads\/2023\/01\/download__9_-removebg-preview.png\" alt=\"Create Digital Impact\">\n                <\/div>\n                <div class=\"icon-card-content\">\n                <p class=\"icon-card-label mtn-heading\">Cr\u00e9er un impact num\u00e9rique<\/p>\n                <p class=\"mtn-body-text\">Nous exposons tous nos produits et services num\u00e9riques pour votre entreprise<\/p>\n                <\/div>\n            \n            <\/div>\n                        <div class=\"icon-card\">\n                <div class=\"card-img-section\">\n                    <img decoding=\"async\" src=\"https:\/\/mtn-digitalhub.com\/wp-content\/uploads\/2023\/01\/download__10_-removebg-preview-1.png\" alt=\"Ensure Digital Transformation\">\n                <\/div>\n                <div class=\"icon-card-content\">\n                <p class=\"icon-card-label mtn-heading\">Assurer la transformation num\u00e9rique<\/p>\n                <p class=\"mtn-body-text\">Nous fournissons des outils pour permettre la transformation de votre entreprise<\/p>\n                <\/div>\n            \n            <\/div>\n                    <\/div>\n            <\/div>\n<\/div>\n\n<div id=\"section-heading-block_81aa238a44689fb0d45819e9cf664b2b\" class=\"section-heading has-text-align-left\">\n<div class=\"mtn-section\">\n<h3 class=\"mtn-heading section-heading\">Vue d'ensemble de l'Auditorium<\/h3>\n<\/div>\n<\/div>\n\n\n<div class=\"wp-block-columns is-layout-flex wp-container-2\">\n<div class=\"wp-block-column is-layout-flow\" style=\"flex-basis:100%\"><div id=\"icon_cards-block_8b09dd92da34d4d282f2d6e058cc574e\" class=\"icon-cards\">\n    <div class=\"icon-cards-section\">\n                <div class=\"icon-card-carousel\">\n            \n            <a href=\"\" class=\"single-icon-card\">\n                <div class=\"single-icon-card-image\">\n                                        <img decoding=\"async\" src=\"https:\/\/mtn-digitalhub.com\/wp-content\/uploads\/2024\/04\/image-removebg-preview-1.png\" alt=\"Organise Meetings\">\n                                    <\/div>\n                                <div class=\"single-icon-card-title\">\n                    <h4 class=\"mtn-card-heading\">Organise Meetings<\/h4>\n                <\/div>\n                                                <div class=\"single-icon-card-copy\">\n                    <p class=\"mtn-body-text\">In our auditorium, SMEs now have ability to organise e-meetings and attend seemlessly<\/p>\n                <\/div>\n                                <div class=\"single-icon-card-features\">\n                    <ol>\n<li>Possibilit\u00e9 d'organiser une r\u00e9union<\/li>\n<li>Possibilit\u00e9 d'inviter des participants<\/li>\n<li>Possibilit\u00e9 de v\u00e9rifier la pr\u00e9sence par session<\/li>\n<\/ol>\n                <\/div>\n                                                <div class=\"feature-arrow\">\n                    <img decoding=\"async\" src=\"https:\/\/mtn-digitalhub.com\/wp-content\/themes\/mtn-vivid-wp\/public\/img\/svgs\/promo-arrow.svg\"\n                        alt=\"\">\n                <\/div>\n\n                \n            <\/a>\n\n            \n            <a href=\"\" class=\"single-icon-card\">\n                <div class=\"single-icon-card-image\">\n                                        <img decoding=\"async\" src=\"https:\/\/mtn-digitalhub.com\/wp-content\/uploads\/2023\/01\/images__1_-removebg-preview-2.png\" alt=\"Product Showcase\">\n                                    <\/div>\n                                <div class=\"single-icon-card-title\">\n                    <h4 class=\"mtn-card-heading\">Product Showcase<\/h4>\n                <\/div>\n                                                <div class=\"single-icon-card-copy\">\n                    <p class=\"mtn-body-text\">Organise an online product show case to show features of products to customers via an online session. <\/p>\n                <\/div>\n                                <div class=\"single-icon-card-features\">\n                    <ol>\n<li>Int\u00e9gr\u00e9 aux lecteurs vid\u00e9o pour la pr\u00e9sentation vid\u00e9o<\/li>\n<li>Int\u00e9gr\u00e9 au partage d'\u00e9cran<\/li>\n<li>Int\u00e9gr\u00e9 avec un module complet de chat et de discussion<\/li>\n<\/ol>\n                <\/div>\n                                                <div class=\"feature-arrow\">\n                    <img decoding=\"async\" src=\"https:\/\/mtn-digitalhub.com\/wp-content\/themes\/mtn-vivid-wp\/public\/img\/svgs\/promo-arrow.svg\"\n                        alt=\"\">\n                <\/div>\n\n                \n            <\/a>\n\n            \n            <a href=\"\" class=\"single-icon-card\">\n                <div class=\"single-icon-card-image\">\n                                        <img decoding=\"async\" src=\"https:\/\/mtn-digitalhub.com\/wp-content\/uploads\/2024\/04\/image-removebg-preview-3.png\" alt=\"Track Meetings\">\n                                    <\/div>\n                                <div class=\"single-icon-card-title\">\n                    <h4 class=\"mtn-card-heading\">Track Meetings<\/h4>\n                <\/div>\n                                                <div class=\"single-icon-card-copy\">\n                    <p class=\"mtn-body-text\">Enhanced module to track all events and online activities organized for further reference<\/p>\n                <\/div>\n                                <div class=\"single-icon-card-features\">\n                    <ol>\n<li>Suivi des r\u00e9unions organis\u00e9es<\/li>\n<li>Suivre la fr\u00e9quentation pr\u00e9c\u00e9dente<\/li>\n<li>Afficher les d\u00e9tails de la r\u00e9union<\/li>\n<\/ol>\n                <\/div>\n                                                <div class=\"feature-arrow\">\n                    <img decoding=\"async\" src=\"https:\/\/mtn-digitalhub.com\/wp-content\/themes\/mtn-vivid-wp\/public\/img\/svgs\/promo-arrow.svg\"\n                        alt=\"\">\n                <\/div>\n\n                \n            <\/a>\n\n                    <\/div>\n        \n        <div class=\"icon-cards-cta\">\n                        <p class=\"mtn-body-text\">Join Us Now<\/p>\n                                    <button class=\"mtn-button\">\n                <a href=\"https:\/\/signup.mtn-digitalhub.com\/\">Rejoignez-nous<\/a>\n            <\/button>\n            \n        <\/div>\n    <\/div>\n\n<\/div><\/div>\n<\/div>","protected":false},"excerpt":{"rendered":"","protected":false},"author":1,"featured_media":0,"parent":0,"menu_order":0,"comment_status":"closed","ping_status":"closed","template":"","meta":[],"acf":[],"_links":{"self":[{"href":"https:\/\/mtn-digitalhub.com\/fr\/wp-json\/wp\/v2\/pages\/1129"}],"collection":[{"href":"https:\/\/mtn-digitalhub.com\/fr\/wp-json\/wp\/v2\/pages"}],"about":[{"href":"https:\/\/mtn-digitalhub.com\/fr\/wp-json\/wp\/v2\/types\/page"}],"author":[{"embeddable":true,"href":"https:\/\/mtn-digitalhub.com\/fr\/wp-json\/wp\/v2\/users\/1"}],"replies":[{"embeddable":true,"href":"https:\/\/mtn-digitalhub.com\/fr\/wp-json\/wp\/v2\/comments?post=1129"}],"version-history":[{"count":22,"href":"https:\/\/mtn-digitalhub.com\/fr\/wp-json\/wp\/v2\/pages\/1129\/revisions"}],"predecessor-version":[{"id":4901,"href":"https:\/\/mtn-digitalhub.com\/fr\/wp-json\/wp\/v2\/pages\/1129\/revisions\/4901"}],"wp:attachment":[{"href":"https:\/\/mtn-digitalhub.com\/fr\/wp-json\/wp\/v2\/media?parent=1129"}],"curies":[{"name":"wp","href":"https:\/\/api.w.org\/{rel}","templated":true}]}}